{"id":2,"date":"2023-12-21T23:46:22","date_gmt":"2023-12-22T02:46:22","guid":{"rendered":"http:\/\/bobdocontra.com.br\/?page_id=2"},"modified":"2025-05-04T14:27:38","modified_gmt":"2025-05-04T17:27:38","slug":"pagina-exemplo","status":"publish","type":"page","link":"https:\/\/bobdocontra.com.br\/?page_id=2","title":{"rendered":"Contato para Shows"},"content":{"rendered":"\n<p>Para contratar o artista, entre em contato com ANDRADE, pelo Whatsapp: +55 21 92035-7518, e consulte a disponibilidade da Agenda de Shows.<\/p>\n\n\n\n<blockquote class=\"wp-block-quote is-layout-flow wp-block-quote-is-layout-flow\">\n<p>Foda-se o Hype!<br>Ela me disse, ela me disse \u201ceu quero mais\u201d<br>Eu tenho mais, mas tanto faz<br>Se c\u00ea me ouvisse entenderia que num h\u00e1 nada que c\u00ea diga..\u00c9 ineficaz<br>Pega e faz!<br>Quem vence num falou dos outros!<br>Eu fiz melhor at\u00e9 cantando \u201cYoYo\u201d<br>Te fiz uma marca tipo Zorro<br>Muita marra, muita bronca e a conta tipo: ZERO<br>Topo? Quem n\u00e3o quer?<br>N\u00e3o sou o que eu tenho mas to tendo o que eu quiser<br>Quem n\u00e3o quer<br>Largar tudo pelo sonho e que se foda, eu sou foda, vai dar certo!<\/p>\n<\/blockquote>\n\n\n\n<p><\/p>\n","protected":false},"excerpt":{"rendered":"<p>Para contratar o artista, entre em contato com ANDRADE, pelo Whatsapp: +55 21 92035-7518, e consulte a disponibilidade da Agenda<\/p>\n<p><span class=\"more-link\"><a href=\"https:\/\/bobdocontra.com.br\/?page_id=2\" class=\"readmore\">Clique para ouvir<span class=\"screen-reader-text\">Contato para Shows<\/span><\/a><\/span><\/p>\n","protected":false},"author":1,"featured_media":0,"parent":0,"menu_order":0,"comment_status":"closed","ping_status":"open","template":"","meta":{"sfsi_plus_gutenberg_text_before_share":"","sfsi_plus_gutenberg_show_text_before_share":"","sfsi_plus_gutenberg_icon_type":"","sfsi_plus_gutenberg_icon_alignemt":"","sfsi_plus_gutenburg_max_per_row":"","footnotes":""},"class_list":["post-2","page","type-page","status-publish","hentry"],"_links":{"self":[{"href":"https:\/\/bobdocontra.com.br\/index.php?rest_route=\/wp\/v2\/pages\/2","targetHints":{"allow":["GET"]}}],"collection":[{"href":"https:\/\/bobdocontra.com.br\/index.php?rest_route=\/wp\/v2\/pages"}],"about":[{"href":"https:\/\/bobdocontra.com.br\/index.php?rest_route=\/wp\/v2\/types\/page"}],"author":[{"embeddable":true,"href":"https:\/\/bobdocontra.com.br\/index.php?rest_route=\/wp\/v2\/users\/1"}],"replies":[{"embeddable":true,"href":"https:\/\/bobdocontra.com.br\/index.php?rest_route=%2Fwp%2Fv2%2Fcomments&post=2"}],"version-history":[{"count":3,"href":"https:\/\/bobdocontra.com.br\/index.php?rest_route=\/wp\/v2\/pages\/2\/revisions"}],"predecessor-version":[{"id":195,"href":"https:\/\/bobdocontra.com.br\/index.php?rest_route=\/wp\/v2\/pages\/2\/revisions\/195"}],"wp:attachment":[{"href":"https:\/\/bobdocontra.com.br\/index.php?rest_route=%2Fwp%2Fv2%2Fmedia&parent=2"}],"curies":[{"name":"wp","href":"https:\/\/api.w.org\/{rel}","templated":true}]}}